{"id":9227,"date":"2023-01-17T16:09:23","date_gmt":"2023-01-17T15:09:23","guid":{"rendered":"https:\/\/bcs-dentalalloys.com\/?page_id=9227"},"modified":"2023-01-17T16:09:23","modified_gmt":"2023-01-17T15:09:23","slug":"inscription","status":"publish","type":"page","link":"https:\/\/bcs-dentalalloys.com\/en\/inscription\/","title":{"rendered":"Inscription"},"content":{"rendered":"<div class=\"woocommerce\">\n    <form method=\"post\"\n          class=\"woocommerce-form woocommerce-form-register register\"  >\n\n        \n        <div class=\"section-form\">\n            <!-- ADD: Civility -->\n            <p class=\"woocommerce-form-row woocommerce-form-row--wide form-row form-row-wide form-row-radio form-type-radios\">\n                <label>Civilit\u00e9 <span class=\"required\">*<\/span><\/label>\n\n                <span class=\"d-flex align-items-center\">\n                <span class=\"form-type-radio d-flex align-items-center mr-3\">\n                <input class=\"mr-2\" type=\"radio\" name=\"civility\" id=\"reg_civility_mme\" value=\"mme\"\n                     \/>\n                <label class=\"m-0\" for=\"reg_civility_mme\">Mme<\/label>\n            <\/span>\n                <span class=\"form-type-radio d-flex align-items-center\">\n                <input class=\"mr-2\" type=\"radio\" name=\"civility\" id=\"reg_civility_m\" value=\"m\"\n                     \/>\n                <label class=\"m-0\" for=\"reg_civility_m\">M.<\/label>\n            <\/span>\n            <\/span>\n            <\/p><!-- end ADD: Civility -->\n\n            <!-- ADD: First name and Last name -->\n            <p class=\"woocommerce-form-row woocommerce-form-row--first form-row form-row-first\">\n                <label for=\"reg_billing_first_name\">First name <span\n                            class=\"required\">*<\/span><\/label>\n                <input type=\"text\" class=\"woocommerce-Input woocommerce-Input--text input-text\"\n                       name=\"billing_first_name\"\n                       id=\"reg_billing_first_name\"\n                       value=\"\" required\/>\n            <\/p>\n            <p class=\"woocommerce-form-row woocommerce-form-row--last form-row form-row-last\">\n                <label for=\"reg_billing_last_name\">Last name <span\n                            class=\"required\">*<\/span><\/label>\n                <input type=\"text\" class=\"woocommerce-Input woocommerce-Input--text input-text\" name=\"billing_last_name\"\n                       id=\"reg_billing_last_name\"\n                       value=\"\" required\/>\n            <\/p><!-- end ADD: First name and Last name -->\n\n            \n            <p class=\"woocommerce-form-row woocommerce-form-row--first form-row form-row-first\">\n                <label for=\"reg_email\">Email address&nbsp;<span class=\"required\">*<\/span><\/label>\n                <input type=\"email\" class=\"woocommerce-Input woocommerce-Input--text input-text\" name=\"email\"\n                       id=\"reg_email\"\n                       autocomplete=\"email\"\n                       value=\"\" required\/>            <\/p>\n\n            \n                <p class=\"woocommerce-form-row woocommerce-form-row--last form-row form-row-last\">\n                    <label for=\"reg_password\">Password&nbsp;<span\n                                class=\"required\">*<\/span><\/label>\n                    <span class=\"form-password-input\">\n                    <input type=\"password\" class=\"woocommerce-Input woocommerce-Input--text input-text\" name=\"password\"\n                           id=\"reg_password\" autocomplete=\"new-password\"\/>\n                        <!--                    <a href=\"javascript:void(0)\" class=\"toggle-password-visibility\"-->\n                        <!--                       onclick=\"bcs_toggle_password_visibility(this)\"-->\n                        <!--                       title=\"-->\n                        <!--\">-->\n                        <!--                        --><!--                    <\/a>-->\n                <\/span>\n                <\/p>\n\n            \n            <!-- ADD: Birth Date -->\n            <p class=\"woocommerce-form-row woocommerce-form-row--first form-row form-row-first form-row-date\">\n                <label for=\"reg_birthdate_day\">Date de naissance <span\n                            class=\"required\">*<\/span><\/label>\n                <span class=\"d-flex\">\n                <input type=\"number\" min=\"1\" max=\"31\" class=\"woocommerce-Input woocommerce-Input--text input-text\"\n                       name=\"birthdate_day\"\n                       id=\"reg_birthdate_day\" placeholder=\"JJ\" size=\"2\"\n                       value=\"\" required\/>\n                <input type=\"number\" min=\"1\" max=\"31\" class=\"woocommerce-Input woocommerce-Input--text input-text\"\n                       name=\"birthdate_month\" size=\"2\"\n                       id=\"reg_birthdate_month\" placeholder=\"MM\"\n                       value=\"\" required\/>\n                <input type=\"number\" class=\"woocommerce-Input woocommerce-Input--text input-text\" name=\"birthdate_year\"\n                       size=\"4\"\n                       id=\"reg_birthdate_year\" placeholder=\"AAAA\"\n                       value=\"\" required\/>\n           <\/span>\n            <\/p><!-- end ADD: Birth Date -->\n\n            <!-- ADD: Phone -->\n            <p class=\"woocommerce-form-row woocommerce-form-row--last form-row form-row-last\">\n                <label for=\"reg_billing_phone\">Phone<\/label>\n                <input type=\"text\" class=\"woocommerce-Input woocommerce-Input--text input-text\" name=\"billing_phone\"\n                       id=\"reg_billing_phone\"\n                       value=\"\"\/>\n            <\/p><!-- end ADD: Phone -->\n\n            <!-- ADD: Address 1 and 2 -->\n            <p class=\"woocommerce-form-row woocommerce-form-row--wide form-row form-row-wide\">\n                <label for=\"reg_billing_billing_address_1\">Adresse<\/label>\n                <input type=\"text\" class=\"woocommerce-Input woocommerce-Input--text input-text\" name=\"billing_address_1\"\n                       id=\"reg_billing_address_1\"\n                       value=\"\"\/>\n            <\/p>\n            <!-- end ADD: Address 1 and 2 -->\n\n            <!-- ADD: Post code and City -->\n            <p class=\"woocommerce-form-row woocommerce-form-row--first form-row form-row-first\">\n                <label for=\"reg_billing_postcode\">Code postal<\/label>\n                <input type=\"text\" class=\"woocommerce-Input woocommerce-Input--text input-text\" name=\"billing_postcode\"\n                       id=\"reg_billing_postcode\"\n                       value=\"\"\/>\n            <\/p>\n            <p class=\"woocommerce-form-row woocommerce-form-row--last form-row form-row-last\">\n                <label for=\"reg_billing_city\">Localit\u00e9<\/label>\n                <input type=\"text\" class=\"woocommerce-Input woocommerce-Input--text input-text\" name=\"billing_city\"\n                       id=\"reg_billing_city\"\n                       value=\"\"\/>\n            <\/p><!-- end ADD: Post code and City -->\n\n\n            <div class=\"woocommerce-form-row woocommerce-form-row--wide form-row form-row-wide information-privacy\">\n                <br\/>Toutes ces informations sont r\u00e9serv\u00e9es \u00e0 l'usage de BCS pour mieux vous servir.            <\/div>\n        <\/div>\n\n        <!-- ADD: Profesionnal form -->\n        <!-- end ADD: Profesionnal form -->\n\n        <div class=\"section-form woocommerce-form-row form-row\">\n            <div class=\"woocommerce-privacy-policy-text\"><input class=\"woocommerce-form__input woocommerce-form__input-checkbox input-checkbox\" type=\"checkbox\" name=\"confirm-private-policy\" value=\"1\" required \/> <p>Your personal data will be used to enhance your experience on this website, to manage access to your account and for other purposes described in our <a href=\"https:\/\/bcs-dentalalloys.com\/politique-de-confidentialite\/\" class=\"woocommerce-privacy-policy-link\" target=\"_blank\">privacy policy<\/a>.<\/p>\n<\/div>\n        <\/div>\n\n        <input type=\"hidden\" name=\"redirect\" value=\"https:\/\/bcs-dentalalloys.com\/en\/\"\/>\n\n        <!-- ADD: required fields text -->\n        <p class=\"required-fields\">\n            <span class=\"required\">*<\/span> Champs obligatoires        <\/p>\n\n        <p class=\"woocommerce-form-row form-row form-type-submit\">\n            <input type=\"hidden\" id=\"woocommerce-register-nonce\" name=\"woocommerce-register-nonce\" value=\"feeb75f9e0\" \/><input type=\"hidden\" name=\"_wp_http_referer\" value=\"\/en\/wp-json\/wp\/v2\/pages\/9227\" \/>            <button type=\"submit\" class=\"woocommerce-Button button\" name=\"register\"\n                    value=\"Register\">J&#039;accepte et m&#039;inscris<\/button>\n        <\/p>\n\n        \n    <\/form>\n<\/div>\n","protected":false},"excerpt":{"rendered":"","protected":false},"author":34,"featured_media":0,"parent":0,"menu_order":0,"comment_status":"closed","ping_status":"closed","template":"","meta":{"_acf_changed":false,"footnotes":""},"class_list":["post-9227","page","type-page","status-publish","hentry"],"acf":[],"yoast_head":"<!-- This site is optimized with the Yoast SEO plugin v27.3 - https:\/\/yoast.com\/product\/yoast-seo-wordpress\/ -->\n<title>Inscription | BCS<\/title>\n<meta name=\"robots\" content=\"index, follow, max-snippet:-1, max-image-preview:large, max-video-preview:-1\" \/>\n<link rel=\"canonical\" href=\"https:\/\/bcs-dentalalloys.com\/en\/inscription\/\" \/>\n<meta property=\"og:locale\" content=\"en_US\" \/>\n<meta property=\"og:type\" content=\"article\" \/>\n<meta property=\"og:title\" content=\"Inscription | BCS\" \/>\n<meta property=\"og:url\" content=\"https:\/\/bcs-dentalalloys.com\/en\/inscription\/\" \/>\n<meta property=\"og:site_name\" content=\"BCS\" \/>\n<meta property=\"og:image\" content=\"https:\/\/bcs-dentalalloys.com\/wp-content\/uploads\/2020\/10\/bcs.jpg\" \/>\n\t<meta property=\"og:image:width\" content=\"300\" \/>\n\t<meta property=\"og:image:height\" content=\"264\" \/>\n\t<meta property=\"og:image:type\" content=\"image\/jpeg\" \/>\n<meta name=\"twitter:card\" content=\"summary_large_image\" \/>\n<script type=\"application\/ld+json\" class=\"yoast-schema-graph\">{\"@context\":\"https:\\\/\\\/schema.org\",\"@graph\":[{\"@type\":\"WebPage\",\"@id\":\"https:\\\/\\\/bcs-dentalalloys.com\\\/en\\\/inscription\\\/\",\"url\":\"https:\\\/\\\/bcs-dentalalloys.com\\\/en\\\/inscription\\\/\",\"name\":\"Inscription | BCS\",\"isPartOf\":{\"@id\":\"https:\\\/\\\/bcs-dentalalloys.com\\\/#website\"},\"datePublished\":\"2023-01-17T15:09:23+00:00\",\"breadcrumb\":{\"@id\":\"https:\\\/\\\/bcs-dentalalloys.com\\\/en\\\/inscription\\\/#breadcrumb\"},\"inLanguage\":\"en-US\",\"potentialAction\":[{\"@type\":\"ReadAction\",\"target\":[\"https:\\\/\\\/bcs-dentalalloys.com\\\/en\\\/inscription\\\/\"]}]},{\"@type\":\"BreadcrumbList\",\"@id\":\"https:\\\/\\\/bcs-dentalalloys.com\\\/en\\\/inscription\\\/#breadcrumb\",\"itemListElement\":[{\"@type\":\"ListItem\",\"position\":1,\"name\":\"Accueil\",\"item\":\"https:\\\/\\\/bcs-dentalalloys.com\\\/en\\\/\"},{\"@type\":\"ListItem\",\"position\":2,\"name\":\"Inscription\"}]},{\"@type\":\"WebSite\",\"@id\":\"https:\\\/\\\/bcs-dentalalloys.com\\\/#website\",\"url\":\"https:\\\/\\\/bcs-dentalalloys.com\\\/\",\"name\":\"BCS\",\"description\":\"World Leader in the storage and distribution of Titanium\",\"publisher\":{\"@id\":\"https:\\\/\\\/bcs-dentalalloys.com\\\/#organization\"},\"potentialAction\":[{\"@type\":\"SearchAction\",\"target\":{\"@type\":\"EntryPoint\",\"urlTemplate\":\"https:\\\/\\\/bcs-dentalalloys.com\\\/?s={search_term_string}\"},\"query-input\":{\"@type\":\"PropertyValueSpecification\",\"valueRequired\":true,\"valueName\":\"search_term_string\"}}],\"inLanguage\":\"en-US\"},{\"@type\":\"Organization\",\"@id\":\"https:\\\/\\\/bcs-dentalalloys.com\\\/#organization\",\"name\":\"BCS Dental Alloys\",\"url\":\"https:\\\/\\\/bcs-dentalalloys.com\\\/\",\"logo\":{\"@type\":\"ImageObject\",\"inLanguage\":\"en-US\",\"@id\":\"https:\\\/\\\/bcs-dentalalloys.com\\\/#\\\/schema\\\/logo\\\/image\\\/\",\"url\":\"https:\\\/\\\/bcs-dentalalloys.com\\\/wp-content\\\/uploads\\\/2021\\\/11\\\/Logo_RVB.png\",\"contentUrl\":\"https:\\\/\\\/bcs-dentalalloys.com\\\/wp-content\\\/uploads\\\/2021\\\/11\\\/Logo_RVB.png\",\"width\":2238,\"height\":2151,\"caption\":\"BCS Dental Alloys\"},\"image\":{\"@id\":\"https:\\\/\\\/bcs-dentalalloys.com\\\/#\\\/schema\\\/logo\\\/image\\\/\"},\"sameAs\":[\"https:\\\/\\\/www.linkedin.com\\\/company\\\/bcs-dental-alloys\",\"https:\\\/\\\/www.youtube.com\\\/watch?v=8PyM0I-kQG8\"]}]}<\/script>\n<!-- \/ Yoast SEO plugin. -->","yoast_head_json":{"title":"Inscription | BCS","robots":{"index":"index","follow":"follow","max-snippet":"max-snippet:-1","max-image-preview":"max-image-preview:large","max-video-preview":"max-video-preview:-1"},"canonical":"https:\/\/bcs-dentalalloys.com\/en\/inscription\/","og_locale":"en_US","og_type":"article","og_title":"Inscription | BCS","og_url":"https:\/\/bcs-dentalalloys.com\/en\/inscription\/","og_site_name":"BCS","og_image":[{"width":300,"height":264,"url":"https:\/\/bcs-dentalalloys.com\/wp-content\/uploads\/2020\/10\/bcs.jpg","type":"image\/jpeg"}],"twitter_card":"summary_large_image","schema":{"@context":"https:\/\/schema.org","@graph":[{"@type":"WebPage","@id":"https:\/\/bcs-dentalalloys.com\/en\/inscription\/","url":"https:\/\/bcs-dentalalloys.com\/en\/inscription\/","name":"Inscription | BCS","isPartOf":{"@id":"https:\/\/bcs-dentalalloys.com\/#website"},"datePublished":"2023-01-17T15:09:23+00:00","breadcrumb":{"@id":"https:\/\/bcs-dentalalloys.com\/en\/inscription\/#breadcrumb"},"inLanguage":"en-US","potentialAction":[{"@type":"ReadAction","target":["https:\/\/bcs-dentalalloys.com\/en\/inscription\/"]}]},{"@type":"BreadcrumbList","@id":"https:\/\/bcs-dentalalloys.com\/en\/inscription\/#breadcrumb","itemListElement":[{"@type":"ListItem","position":1,"name":"Accueil","item":"https:\/\/bcs-dentalalloys.com\/en\/"},{"@type":"ListItem","position":2,"name":"Inscription"}]},{"@type":"WebSite","@id":"https:\/\/bcs-dentalalloys.com\/#website","url":"https:\/\/bcs-dentalalloys.com\/","name":"BCS","description":"World Leader in the storage and distribution of Titanium","publisher":{"@id":"https:\/\/bcs-dentalalloys.com\/#organization"},"potentialAction":[{"@type":"SearchAction","target":{"@type":"EntryPoint","urlTemplate":"https:\/\/bcs-dentalalloys.com\/?s={search_term_string}"},"query-input":{"@type":"PropertyValueSpecification","valueRequired":true,"valueName":"search_term_string"}}],"inLanguage":"en-US"},{"@type":"Organization","@id":"https:\/\/bcs-dentalalloys.com\/#organization","name":"BCS Dental Alloys","url":"https:\/\/bcs-dentalalloys.com\/","logo":{"@type":"ImageObject","inLanguage":"en-US","@id":"https:\/\/bcs-dentalalloys.com\/#\/schema\/logo\/image\/","url":"https:\/\/bcs-dentalalloys.com\/wp-content\/uploads\/2021\/11\/Logo_RVB.png","contentUrl":"https:\/\/bcs-dentalalloys.com\/wp-content\/uploads\/2021\/11\/Logo_RVB.png","width":2238,"height":2151,"caption":"BCS Dental Alloys"},"image":{"@id":"https:\/\/bcs-dentalalloys.com\/#\/schema\/logo\/image\/"},"sameAs":["https:\/\/www.linkedin.com\/company\/bcs-dental-alloys","https:\/\/www.youtube.com\/watch?v=8PyM0I-kQG8"]}]}},"_links":{"self":[{"href":"https:\/\/bcs-dentalalloys.com\/en\/wp-json\/wp\/v2\/pages\/9227","targetHints":{"allow":["GET"]}}],"collection":[{"href":"https:\/\/bcs-dentalalloys.com\/en\/wp-json\/wp\/v2\/pages"}],"about":[{"href":"https:\/\/bcs-dentalalloys.com\/en\/wp-json\/wp\/v2\/types\/page"}],"author":[{"embeddable":true,"href":"https:\/\/bcs-dentalalloys.com\/en\/wp-json\/wp\/v2\/users\/34"}],"replies":[{"embeddable":true,"href":"https:\/\/bcs-dentalalloys.com\/en\/wp-json\/wp\/v2\/comments?post=9227"}],"version-history":[{"count":1,"href":"https:\/\/bcs-dentalalloys.com\/en\/wp-json\/wp\/v2\/pages\/9227\/revisions"}],"predecessor-version":[{"id":9228,"href":"https:\/\/bcs-dentalalloys.com\/en\/wp-json\/wp\/v2\/pages\/9227\/revisions\/9228"}],"wp:attachment":[{"href":"https:\/\/bcs-dentalalloys.com\/en\/wp-json\/wp\/v2\/media?parent=9227"}],"curies":[{"name":"wp","href":"https:\/\/api.w.org\/{rel}","templated":true}]}}